{"id":1178,"date":"2024-06-09T11:36:57","date_gmt":"2024-06-09T10:36:57","guid":{"rendered":"https:\/\/campingdechassagne.fr\/i-narheten\/"},"modified":"2026-03-08T09:48:56","modified_gmt":"2026-03-08T08:48:56","slug":"i-narheten","status":"publish","type":"page","link":"https:\/\/campingdechassagne.fr\/sv\/i-narheten\/","title":{"rendered":"I n\u00e4rheten"},"content":{"rendered":"\t\t<div data-elementor-type=\"wp-page\" data-elementor-id=\"1178\" class=\"elementor elementor-1178 elementor-17\">\n\t\t\t\t<div class=\"elementor-element elementor-element-a36c163 e-con-full elementor-hidden-tablet elementor-hidden-mobile e-flex e-con e-parent\" data-id=\"a36c163\" data-element_type=\"container\" data-e-type=\"container\">\n\t\t\t\t<div class=\"elementor-element elementor-element-e738a5f elementor-hidden-mobile elementor-hidden-tablet elementor-widget elementor-widget-image\" data-id=\"e738a5f\" data-element_type=\"widget\" data-e-type=\"widget\" data-widget_type=\"image.default\">\n\t\t\t\t<div class=\"elementor-widget-container\">\n\t\t\t\t\t\t\t\t\t\t\t\t\t\t\t<img fetchpriority=\"high\" decoding=\"async\" width=\"1920\" height=\"761\" src=\"https:\/\/campingdechassagne.fr\/wp-content\/uploads\/2024\/06\/Design-sans-titre32-1-e1719233922436.png\" class=\"attachment-full size-full wp-image-1180\" alt=\"\" srcset=\"https:\/\/campingdechassagne.fr\/wp-content\/uploads\/2024\/06\/Design-sans-titre32-1-e1719233922436.png 1920w, https:\/\/campingdechassagne.fr\/wp-content\/uploads\/2024\/06\/Design-sans-titre32-1-e1719233922436-300x119.png 300w, https:\/\/campingdechassagne.fr\/wp-content\/uploads\/2024\/06\/Design-sans-titre32-1-e1719233922436-1024x406.png 1024w, https:\/\/campingdechassagne.fr\/wp-content\/uploads\/2024\/06\/Design-sans-titre32-1-e1719233922436-768x304.png 768w, https:\/\/campingdechassagne.fr\/wp-content\/uploads\/2024\/06\/Design-sans-titre32-1-e1719233922436-1536x609.png 1536w\" sizes=\"(max-width: 1920px) 100vw, 1920px\" \/>\t\t\t\t\t\t\t\t\t\t\t\t\t\t\t<\/div>\n\t\t\t\t<\/div>\n\t\t\t\t<\/div>\n\t\t<div class=\"elementor-element elementor-element-b8c731e elementor-hidden-tablet elementor-hidden-mobile e-flex e-con-boxed e-con e-parent\" data-id=\"b8c731e\" data-element_type=\"container\" data-e-type=\"container\">\n\t\t\t\t\t<div class=\"e-con-inner\">\n\t\t\t\t\t<\/div>\n\t\t\t\t<\/div>\n\t\t<div class=\"elementor-element elementor-element-3aa3a5c e-con-full elementor-hidden-tablet elementor-hidden-mobile e-flex e-con e-parent\" data-id=\"3aa3a5c\" data-element_type=\"container\" data-e-type=\"container\">\n\t\t\t\t<div class=\"elementor-element elementor-element-b1befe0 elementor-widget__width-initial elementor-hidden-tablet elementor-hidden-mobile elementor-widget elementor-widget-heading\" data-id=\"b1befe0\" data-element_type=\"widget\" data-e-type=\"widget\" data-widget_type=\"heading.default\">\n\t\t\t\t<div class=\"elementor-widget-container\">\n\t\t\t\t\t<h2 class=\"elementor-heading-title elementor-size-default\">Aktiviteter att g\u00f6ra och se i n\u00e4rheten<\/h2>\t\t\t\t<\/div>\n\t\t\t\t<\/div>\n\t\t\t\t<\/div>\n\t\t<div class=\"elementor-element elementor-element-a9b2ccd e-con-full elementor-hidden-tablet elementor-hidden-mobile e-flex e-con e-parent\" data-id=\"a9b2ccd\" data-element_type=\"container\" data-e-type=\"container\">\n\t\t\t\t<div class=\"elementor-element elementor-element-abe0971 elementor-hidden-desktop elementor-hidden-tablet elementor-hidden-mobile elementor-widget elementor-widget-spacer\" data-id=\"abe0971\" data-element_type=\"widget\" data-e-type=\"widget\" data-widget_type=\"spacer.default\">\n\t\t\t\t<div class=\"elementor-widget-container\">\n\t\t\t\t\t\t\t<div class=\"elementor-spacer\">\n\t\t\t<div class=\"elementor-spacer-inner\"><\/div>\n\t\t<\/div>\n\t\t\t\t\t\t<\/div>\n\t\t\t\t<\/div>\n\t\t\t\t<div class=\"elementor-element elementor-element-f28019c elementor-widget__width-inherit elementor-hidden-tablet elementor-hidden-mobile elementor-arrows-position-inside elementor-pagination-position-outside elementor-widget elementor-widget-image-carousel\" data-id=\"f28019c\" data-element_type=\"widget\" data-e-type=\"widget\" data-settings=\"{&quot;slides_to_show&quot;:&quot;1&quot;,&quot;navigation&quot;:&quot;both&quot;,&quot;autoplay&quot;:&quot;yes&quot;,&quot;pause_on_hover&quot;:&quot;yes&quot;,&quot;pause_on_interaction&quot;:&quot;yes&quot;,&quot;autoplay_speed&quot;:5000,&quot;infinite&quot;:&quot;yes&quot;,&quot;effect&quot;:&quot;slide&quot;,&quot;speed&quot;:500}\" data-widget_type=\"image-carousel.default\">\n\t\t\t\t<div class=\"elementor-widget-container\">\n\t\t\t\t\t\t\t<div class=\"elementor-image-carousel-wrapper swiper\" role=\"region\" aria-roledescription=\"carousel\" aria-label=\"Carrousel d\u2019images\" dir=\"ltr\">\n\t\t\t<div class=\"elementor-image-carousel swiper-wrapper swiper-image-stretch\" aria-live=\"off\">\n\t\t\t\t\t\t\t\t<div class=\"swiper-slide\" role=\"group\" aria-roledescription=\"slide\" aria-label=\"1 av 5\"><figure class=\"swiper-slide-inner\"><img decoding=\"async\" class=\"swiper-slide-image\" src=\"https:\/\/campingdechassagne.fr\/wp-content\/uploads\/2024\/06\/Ajouter-un-titre.png\" alt=\"L\u00e4gg till en rubrik\" \/><\/figure><\/div><div class=\"swiper-slide\" role=\"group\" aria-roledescription=\"slide\" aria-label=\"2 av 5\"><figure class=\"swiper-slide-inner\"><img decoding=\"async\" class=\"swiper-slide-image\" src=\"https:\/\/campingdechassagne.fr\/wp-content\/uploads\/2024\/06\/Ajouter-un-titre1.png\" alt=\"L\u00e4gg till en rubrik(1)\" \/><\/figure><\/div><div class=\"swiper-slide\" role=\"group\" aria-roledescription=\"slide\" aria-label=\"3 av 5\"><figure class=\"swiper-slide-inner\"><img decoding=\"async\" class=\"swiper-slide-image\" src=\"https:\/\/campingdechassagne.fr\/wp-content\/uploads\/2024\/06\/Ajouter-un-titre3.png\" alt=\"L\u00e4gg till en rubrik(3)\" \/><\/figure><\/div><div class=\"swiper-slide\" role=\"group\" aria-roledescription=\"slide\" aria-label=\"4 av 5\"><figure class=\"swiper-slide-inner\"><img decoding=\"async\" class=\"swiper-slide-image\" src=\"https:\/\/campingdechassagne.fr\/wp-content\/uploads\/2024\/06\/Ajouter-un-titre4.png\" alt=\"L\u00e4gg till en rubrik(4)\" \/><\/figure><\/div><div class=\"swiper-slide\" role=\"group\" aria-roledescription=\"slide\" aria-label=\"5 av 5\"><figure class=\"swiper-slide-inner\"><img decoding=\"async\" class=\"swiper-slide-image\" src=\"https:\/\/campingdechassagne.fr\/wp-content\/uploads\/2024\/06\/Ajouter-un-titre5.png\" alt=\"L\u00e4gg till en rubrik(5)\" \/><\/figure><\/div>\t\t\t<\/div>\n\t\t\t\t\t\t\t\t\t\t\t\t<div class=\"elementor-swiper-button elementor-swiper-button-prev\" role=\"button\" tabindex=\"0\">\n\t\t\t\t\t\t<svg aria-hidden=\"true\" class=\"e-font-icon-svg e-eicon-chevron-left\" viewBox=\"0 0 1000 1000\" xmlns=\"http:\/\/www.w3.org\/2000\/svg\"><path d=\"M646 125C629 125 613 133 604 142L308 442C296 454 292 471 292 487 292 504 296 521 308 533L604 854C617 867 629 875 646 875 663 875 679 871 692 858 704 846 713 829 713 812 713 796 708 779 692 767L438 487 692 225C700 217 708 204 708 187 708 171 704 154 692 142 675 129 663 125 646 125Z\"><\/path><\/svg>\t\t\t\t\t<\/div>\n\t\t\t\t\t<div class=\"elementor-swiper-button elementor-swiper-button-next\" role=\"button\" tabindex=\"0\">\n\t\t\t\t\t\t<svg aria-hidden=\"true\" class=\"e-font-icon-svg e-eicon-chevron-right\" viewBox=\"0 0 1000 1000\" xmlns=\"http:\/\/www.w3.org\/2000\/svg\"><path d=\"M696 533C708 521 713 504 713 487 713 471 708 454 696 446L400 146C388 133 375 125 354 125 338 125 325 129 313 142 300 154 292 171 292 187 292 204 296 221 308 233L563 492 304 771C292 783 288 800 288 817 288 833 296 850 308 863 321 871 338 875 354 875 371 875 388 867 400 854L696 533Z\"><\/path><\/svg>\t\t\t\t\t<\/div>\n\t\t\t\t\n\t\t\t\t\t\t\t\t\t<div class=\"swiper-pagination\"><\/div>\n\t\t\t\t\t\t\t\t\t<\/div>\n\t\t\t\t\t\t<\/div>\n\t\t\t\t<\/div>\n\t\t\t\t<\/div>\n\t\t<div class=\"elementor-element elementor-element-e5cbbdf e-con-full elementor-hidden-desktop e-flex e-con e-parent\" data-id=\"e5cbbdf\" data-element_type=\"container\" data-e-type=\"container\">\n\t\t\t\t<div class=\"elementor-element elementor-element-4d99c88 elementor-arrows-position-inside elementor-pagination-position-outside elementor-widget elementor-widget-image-carousel\" data-id=\"4d99c88\" data-element_type=\"widget\" data-e-type=\"widget\" data-settings=\"{&quot;slides_to_show_mobile&quot;:&quot;1&quot;,&quot;navigation&quot;:&quot;both&quot;,&quot;autoplay&quot;:&quot;yes&quot;,&quot;pause_on_hover&quot;:&quot;yes&quot;,&quot;pause_on_interaction&quot;:&quot;yes&quot;,&quot;autoplay_speed&quot;:5000,&quot;infinite&quot;:&quot;yes&quot;,&quot;speed&quot;:500}\" data-widget_type=\"image-carousel.default\">\n\t\t\t\t<div class=\"elementor-widget-container\">\n\t\t\t\t\t\t\t<div class=\"elementor-image-carousel-wrapper swiper\" role=\"region\" aria-roledescription=\"carousel\" aria-label=\"Carrousel d\u2019images\" dir=\"ltr\">\n\t\t\t<div class=\"elementor-image-carousel swiper-wrapper\" aria-live=\"off\">\n\t\t\t\t\t\t\t\t<div class=\"swiper-slide\" role=\"group\" aria-roledescription=\"slide\" aria-label=\"1 av 5\"><figure class=\"swiper-slide-inner\"><img decoding=\"async\" class=\"swiper-slide-image\" src=\"https:\/\/campingdechassagne.fr\/wp-content\/uploads\/2024\/06\/2.png\" alt=\"2\" \/><\/figure><\/div><div class=\"swiper-slide\" role=\"group\" aria-roledescription=\"slide\" aria-label=\"2 av 5\"><figure class=\"swiper-slide-inner\"><img decoding=\"async\" class=\"swiper-slide-image\" src=\"https:\/\/campingdechassagne.fr\/wp-content\/uploads\/2024\/06\/3-1.png\" alt=\"3\" \/><\/figure><\/div><div class=\"swiper-slide\" role=\"group\" aria-roledescription=\"slide\" aria-label=\"3 av 5\"><figure class=\"swiper-slide-inner\"><img decoding=\"async\" class=\"swiper-slide-image\" src=\"https:\/\/campingdechassagne.fr\/wp-content\/uploads\/2024\/06\/4-3.png\" alt=\"4\" \/><\/figure><\/div><div class=\"swiper-slide\" role=\"group\" aria-roledescription=\"slide\" aria-label=\"4 av 5\"><figure class=\"swiper-slide-inner\"><img decoding=\"async\" class=\"swiper-slide-image\" src=\"https:\/\/campingdechassagne.fr\/wp-content\/uploads\/2024\/06\/5-3.png\" alt=\"5\" \/><\/figure><\/div><div class=\"swiper-slide\" role=\"group\" aria-roledescription=\"slide\" aria-label=\"5 av 5\"><figure class=\"swiper-slide-inner\"><img decoding=\"async\" class=\"swiper-slide-image\" src=\"https:\/\/campingdechassagne.fr\/wp-content\/uploads\/2024\/06\/6-3.png\" alt=\"6\" \/><\/figure><\/div>\t\t\t<\/div>\n\t\t\t\t\t\t\t\t\t\t\t\t<div class=\"elementor-swiper-button elementor-swiper-button-prev\" role=\"button\" tabindex=\"0\">\n\t\t\t\t\t\t<svg aria-hidden=\"true\" class=\"e-font-icon-svg e-eicon-chevron-left\" viewBox=\"0 0 1000 1000\" xmlns=\"http:\/\/www.w3.org\/2000\/svg\"><path d=\"M646 125C629 125 613 133 604 142L308 442C296 454 292 471 292 487 292 504 296 521 308 533L604 854C617 867 629 875 646 875 663 875 679 871 692 858 704 846 713 829 713 812 713 796 708 779 692 767L438 487 692 225C700 217 708 204 708 187 708 171 704 154 692 142 675 129 663 125 646 125Z\"><\/path><\/svg>\t\t\t\t\t<\/div>\n\t\t\t\t\t<div class=\"elementor-swiper-button elementor-swiper-button-next\" role=\"button\" tabindex=\"0\">\n\t\t\t\t\t\t<svg aria-hidden=\"true\" class=\"e-font-icon-svg e-eicon-chevron-right\" viewBox=\"0 0 1000 1000\" xmlns=\"http:\/\/www.w3.org\/2000\/svg\"><path d=\"M696 533C708 521 713 504 713 487 713 471 708 454 696 446L400 146C388 133 375 125 354 125 338 125 325 129 313 142 300 154 292 171 292 187 292 204 296 221 308 233L563 492 304 771C292 783 288 800 288 817 288 833 296 850 308 863 321 871 338 875 354 875 371 875 388 867 400 854L696 533Z\"><\/path><\/svg>\t\t\t\t\t<\/div>\n\t\t\t\t\n\t\t\t\t\t\t\t\t\t<div class=\"swiper-pagination\"><\/div>\n\t\t\t\t\t\t\t\t\t<\/div>\n\t\t\t\t\t\t<\/div>\n\t\t\t\t<\/div>\n\t\t\t\t<\/div>\n\t\t\t\t<\/div>\n\t\t","protected":false},"excerpt":{"rendered":"<p>Aktiviteter att g\u00f6ra och se i n\u00e4rheten<\/p>\n","protected":false},"author":1,"featured_media":0,"parent":0,"menu_order":0,"comment_status":"closed","ping_status":"closed","template":"elementor_header_footer","meta":{"ocean_post_layout":"","ocean_both_sidebars_style":"","ocean_both_sidebars_content_width":0,"ocean_both_sidebars_sidebars_width":0,"ocean_sidebar":"","ocean_second_sidebar":"","ocean_disable_margins":"enable","ocean_add_body_class":"","ocean_shortcode_before_top_bar":"","ocean_shortcode_after_top_bar":"","ocean_shortcode_before_header":"","ocean_shortcode_after_header":"","ocean_has_shortcode":"","ocean_shortcode_after_title":"","ocean_shortcode_before_footer_widgets":"","ocean_shortcode_after_footer_widgets":"","ocean_shortcode_before_footer_bottom":"","ocean_shortcode_after_footer_bottom":"","ocean_display_top_bar":"default","ocean_display_header":"default","ocean_header_style":"","ocean_center_header_left_menu":"","ocean_custom_header_template":"","ocean_custom_logo":0,"ocean_custom_retina_logo":0,"ocean_custom_logo_max_width":0,"ocean_custom_logo_tablet_max_width":0,"ocean_custom_logo_mobile_max_width":0,"ocean_custom_logo_max_height":0,"ocean_custom_logo_tablet_max_height":0,"ocean_custom_logo_mobile_max_height":0,"ocean_header_custom_menu":"","ocean_menu_typo_font_family":"","ocean_menu_typo_font_subset":"","ocean_menu_typo_font_size":0,"ocean_menu_typo_font_size_tablet":0,"ocean_menu_typo_font_size_mobile":0,"ocean_menu_typo_font_size_unit":"px","ocean_menu_typo_font_weight":"","ocean_menu_typo_font_weight_tablet":"","ocean_menu_typo_font_weight_mobile":"","ocean_menu_typo_transform":"","ocean_menu_typo_transform_tablet":"","ocean_menu_typo_transform_mobile":"","ocean_menu_typo_line_height":0,"ocean_menu_typo_line_height_tablet":0,"ocean_menu_typo_line_height_mobile":0,"ocean_menu_typo_line_height_unit":"","ocean_menu_typo_spacing":0,"ocean_menu_typo_spacing_tablet":0,"ocean_menu_typo_spacing_mobile":0,"ocean_menu_typo_spacing_unit":"","ocean_menu_link_color":"","ocean_menu_link_color_hover":"","ocean_menu_link_color_active":"","ocean_menu_link_background":"","ocean_menu_link_hover_background":"","ocean_menu_link_active_background":"","ocean_menu_social_links_bg":"","ocean_menu_social_hover_links_bg":"","ocean_menu_social_links_color":"","ocean_menu_social_hover_links_color":"","ocean_disable_title":"default","ocean_disable_heading":"default","ocean_post_title":"","ocean_post_subheading":"","ocean_post_title_style":"","ocean_post_title_background_color":"","ocean_post_title_background":0,"ocean_post_title_bg_image_position":"","ocean_post_title_bg_image_attachment":"","ocean_post_title_bg_image_repeat":"","ocean_post_title_bg_image_size":"","ocean_post_title_height":0,"ocean_post_title_bg_overlay":0.5,"ocean_post_title_bg_overlay_color":"","ocean_disable_breadcrumbs":"default","ocean_breadcrumbs_color":"","ocean_breadcrumbs_separator_color":"","ocean_breadcrumbs_links_color":"","ocean_breadcrumbs_links_hover_color":"","ocean_display_footer_widgets":"default","ocean_display_footer_bottom":"default","ocean_custom_footer_template":"","footnotes":""},"class_list":["post-1178","page","type-page","status-publish","hentry","entry"],"yoast_head":"<!-- This site is optimized with the Yoast SEO plugin v27.1.1 - https:\/\/yoast.com\/product\/yoast-seo-wordpress\/ -->\n<title>Aktiviteter i n\u00e4rheten - Camping de Chassagne<\/title>\n<meta name=\"description\" content=\"Uppt\u00e4ck aktiviteterna n\u00e4ra Camping de Chassagne: bes\u00f6k en kvarn, paddla kanot eller kajak och njut av en cykeltur.\" \/>\n<meta name=\"robots\" content=\"index, follow, max-snippet:-1, max-image-preview:large, max-video-preview:-1\" \/>\n<link rel=\"canonical\" href=\"https:\/\/campingdechassagne.fr\/sv\/i-narheten\/\" \/>\n<meta property=\"og:locale\" content=\"sv_SE\" \/>\n<meta property=\"og:type\" content=\"article\" \/>\n<meta property=\"og:title\" content=\"Aktiviteter i n\u00e4rheten - Camping de Chassagne\" \/>\n<meta property=\"og:description\" content=\"Uppt\u00e4ck aktiviteterna n\u00e4ra Camping de Chassagne: bes\u00f6k en kvarn, paddla kanot eller kajak och njut av en cykeltur.\" \/>\n<meta property=\"og:url\" content=\"https:\/\/campingdechassagne.fr\/sv\/i-narheten\/\" \/>\n<meta property=\"og:site_name\" content=\"Camping de la ferme de Chassagne\" \/>\n<meta property=\"article:publisher\" content=\"https:\/\/www.facebook.com\/fermedechassagne\/?locale=fr_FR\" \/>\n<meta property=\"article:modified_time\" content=\"2026-03-08T08:48:56+00:00\" \/>\n<meta property=\"og:image\" content=\"https:\/\/campingdechassagne.fr\/wp-content\/uploads\/2024\/06\/Design-sans-titre32-1-e1719233922436-1024x406.png\" \/>\n\t<meta property=\"og:image:width\" content=\"1024\" \/>\n\t<meta property=\"og:image:height\" content=\"406\" \/>\n\t<meta property=\"og:image:type\" content=\"image\/png\" \/>\n<meta name=\"twitter:card\" content=\"summary_large_image\" \/>\n<script type=\"application\/ld+json\" class=\"yoast-schema-graph\">{\"@context\":\"https:\/\/schema.org\",\"@graph\":[{\"@type\":\"WebPage\",\"@id\":\"https:\/\/campingdechassagne.fr\/sv\/i-narheten\/\",\"url\":\"https:\/\/campingdechassagne.fr\/sv\/i-narheten\/\",\"name\":\"Aktiviteter i n\u00e4rheten - Camping de Chassagne\",\"isPartOf\":{\"@id\":\"https:\/\/campingdechassagne.fr\/sv\/#website\"},\"primaryImageOfPage\":{\"@id\":\"https:\/\/campingdechassagne.fr\/sv\/i-narheten\/#primaryimage\"},\"image\":{\"@id\":\"https:\/\/campingdechassagne.fr\/sv\/i-narheten\/#primaryimage\"},\"thumbnailUrl\":\"https:\/\/campingdechassagne.fr\/wp-content\/uploads\/2024\/06\/Design-sans-titre32-1-e1719233922436.png\",\"datePublished\":\"2024-06-09T10:36:57+00:00\",\"dateModified\":\"2026-03-08T08:48:56+00:00\",\"description\":\"Uppt\u00e4ck aktiviteterna n\u00e4ra Camping de Chassagne: bes\u00f6k en kvarn, paddla kanot eller kajak och njut av en cykeltur.\",\"breadcrumb\":{\"@id\":\"https:\/\/campingdechassagne.fr\/sv\/i-narheten\/#breadcrumb\"},\"inLanguage\":\"sv-SE\",\"potentialAction\":[{\"@type\":\"ReadAction\",\"target\":[\"https:\/\/campingdechassagne.fr\/sv\/i-narheten\/\"]}]},{\"@type\":\"ImageObject\",\"inLanguage\":\"sv-SE\",\"@id\":\"https:\/\/campingdechassagne.fr\/sv\/i-narheten\/#primaryimage\",\"url\":\"https:\/\/campingdechassagne.fr\/wp-content\/uploads\/2024\/06\/Design-sans-titre32-1-e1719233922436.png\",\"contentUrl\":\"https:\/\/campingdechassagne.fr\/wp-content\/uploads\/2024\/06\/Design-sans-titre32-1-e1719233922436.png\"},{\"@type\":\"BreadcrumbList\",\"@id\":\"https:\/\/campingdechassagne.fr\/sv\/i-narheten\/#breadcrumb\",\"itemListElement\":[{\"@type\":\"ListItem\",\"position\":1,\"name\":\"Hem\",\"item\":\"https:\/\/campingdechassagne.fr\/sv\/hem\/\"},{\"@type\":\"ListItem\",\"position\":2,\"name\":\"I n\u00e4rheten\"}]},{\"@type\":\"WebSite\",\"@id\":\"https:\/\/campingdechassagne.fr\/sv\/#website\",\"url\":\"https:\/\/campingdechassagne.fr\/sv\/\",\"name\":\"Ferme de Chassagne\",\"description\":\"Koppla av och svalka dig i v\u00e5r markpool, en oas av friskhet i hj\u00e4rtat av v\u00e5r egendom.\",\"publisher\":{\"@id\":\"https:\/\/campingdechassagne.fr\/sv\/#organization\"},\"potentialAction\":[{\"@type\":\"SearchAction\",\"target\":{\"@type\":\"EntryPoint\",\"urlTemplate\":\"https:\/\/campingdechassagne.fr\/sv\/?s={search_term_string}\"},\"query-input\":{\"@type\":\"PropertyValueSpecification\",\"valueRequired\":true,\"valueName\":\"search_term_string\"}}],\"inLanguage\":\"sv-SE\"},{\"@type\":\"Organization\",\"@id\":\"https:\/\/campingdechassagne.fr\/sv\/#organization\",\"name\":\"Ferme de Chassagne\",\"url\":\"https:\/\/campingdechassagne.fr\/sv\/\",\"logo\":{\"@type\":\"ImageObject\",\"inLanguage\":\"sv-SE\",\"@id\":\"https:\/\/campingdechassagne.fr\/sv\/#\/schema\/logo\/image\/\",\"url\":\"https:\/\/campingdechassagne.fr\/wp-content\/uploads\/2024\/06\/cropped-cropped-logo_camping-removebg-preview.png\",\"contentUrl\":\"https:\/\/campingdechassagne.fr\/wp-content\/uploads\/2024\/06\/cropped-cropped-logo_camping-removebg-preview.png\",\"width\":375,\"height\":356,\"caption\":\"Ferme de Chassagne\"},\"image\":{\"@id\":\"https:\/\/campingdechassagne.fr\/sv\/#\/schema\/logo\/image\/\"},\"sameAs\":[\"https:\/\/www.facebook.com\/fermedechassagne\/?locale=fr_FR\",\"https:\/\/www.instagram.com\/ferme_de_chassagne\/?ref=159\",\"https:\/\/www.linkedin.com\/company\/les-fermes-de-chassagne\/?originalSubdomain=fr\"]}]}<\/script>\n<!-- \/ Yoast SEO plugin. -->","yoast_head_json":{"title":"Aktiviteter i n\u00e4rheten - Camping de Chassagne","description":"Uppt\u00e4ck aktiviteterna n\u00e4ra Camping de Chassagne: bes\u00f6k en kvarn, paddla kanot eller kajak och njut av en cykeltur.","robots":{"index":"index","follow":"follow","max-snippet":"max-snippet:-1","max-image-preview":"max-image-preview:large","max-video-preview":"max-video-preview:-1"},"canonical":"https:\/\/campingdechassagne.fr\/sv\/i-narheten\/","og_locale":"sv_SE","og_type":"article","og_title":"Aktiviteter i n\u00e4rheten - Camping de Chassagne","og_description":"Uppt\u00e4ck aktiviteterna n\u00e4ra Camping de Chassagne: bes\u00f6k en kvarn, paddla kanot eller kajak och njut av en cykeltur.","og_url":"https:\/\/campingdechassagne.fr\/sv\/i-narheten\/","og_site_name":"Camping de la ferme de Chassagne","article_publisher":"https:\/\/www.facebook.com\/fermedechassagne\/?locale=fr_FR","article_modified_time":"2026-03-08T08:48:56+00:00","og_image":[{"width":1024,"height":406,"url":"https:\/\/campingdechassagne.fr\/wp-content\/uploads\/2024\/06\/Design-sans-titre32-1-e1719233922436-1024x406.png","type":"image\/png"}],"twitter_card":"summary_large_image","schema":{"@context":"https:\/\/schema.org","@graph":[{"@type":"WebPage","@id":"https:\/\/campingdechassagne.fr\/sv\/i-narheten\/","url":"https:\/\/campingdechassagne.fr\/sv\/i-narheten\/","name":"Aktiviteter i n\u00e4rheten - Camping de Chassagne","isPartOf":{"@id":"https:\/\/campingdechassagne.fr\/sv\/#website"},"primaryImageOfPage":{"@id":"https:\/\/campingdechassagne.fr\/sv\/i-narheten\/#primaryimage"},"image":{"@id":"https:\/\/campingdechassagne.fr\/sv\/i-narheten\/#primaryimage"},"thumbnailUrl":"https:\/\/campingdechassagne.fr\/wp-content\/uploads\/2024\/06\/Design-sans-titre32-1-e1719233922436.png","datePublished":"2024-06-09T10:36:57+00:00","dateModified":"2026-03-08T08:48:56+00:00","description":"Uppt\u00e4ck aktiviteterna n\u00e4ra Camping de Chassagne: bes\u00f6k en kvarn, paddla kanot eller kajak och njut av en cykeltur.","breadcrumb":{"@id":"https:\/\/campingdechassagne.fr\/sv\/i-narheten\/#breadcrumb"},"inLanguage":"sv-SE","potentialAction":[{"@type":"ReadAction","target":["https:\/\/campingdechassagne.fr\/sv\/i-narheten\/"]}]},{"@type":"ImageObject","inLanguage":"sv-SE","@id":"https:\/\/campingdechassagne.fr\/sv\/i-narheten\/#primaryimage","url":"https:\/\/campingdechassagne.fr\/wp-content\/uploads\/2024\/06\/Design-sans-titre32-1-e1719233922436.png","contentUrl":"https:\/\/campingdechassagne.fr\/wp-content\/uploads\/2024\/06\/Design-sans-titre32-1-e1719233922436.png"},{"@type":"BreadcrumbList","@id":"https:\/\/campingdechassagne.fr\/sv\/i-narheten\/#breadcrumb","itemListElement":[{"@type":"ListItem","position":1,"name":"Hem","item":"https:\/\/campingdechassagne.fr\/sv\/hem\/"},{"@type":"ListItem","position":2,"name":"I n\u00e4rheten"}]},{"@type":"WebSite","@id":"https:\/\/campingdechassagne.fr\/sv\/#website","url":"https:\/\/campingdechassagne.fr\/sv\/","name":"Ferme de Chassagne","description":"Koppla av och svalka dig i v\u00e5r markpool, en oas av friskhet i hj\u00e4rtat av v\u00e5r egendom.","publisher":{"@id":"https:\/\/campingdechassagne.fr\/sv\/#organization"},"potentialAction":[{"@type":"SearchAction","target":{"@type":"EntryPoint","urlTemplate":"https:\/\/campingdechassagne.fr\/sv\/?s={search_term_string}"},"query-input":{"@type":"PropertyValueSpecification","valueRequired":true,"valueName":"search_term_string"}}],"inLanguage":"sv-SE"},{"@type":"Organization","@id":"https:\/\/campingdechassagne.fr\/sv\/#organization","name":"Ferme de Chassagne","url":"https:\/\/campingdechassagne.fr\/sv\/","logo":{"@type":"ImageObject","inLanguage":"sv-SE","@id":"https:\/\/campingdechassagne.fr\/sv\/#\/schema\/logo\/image\/","url":"https:\/\/campingdechassagne.fr\/wp-content\/uploads\/2024\/06\/cropped-cropped-logo_camping-removebg-preview.png","contentUrl":"https:\/\/campingdechassagne.fr\/wp-content\/uploads\/2024\/06\/cropped-cropped-logo_camping-removebg-preview.png","width":375,"height":356,"caption":"Ferme de Chassagne"},"image":{"@id":"https:\/\/campingdechassagne.fr\/sv\/#\/schema\/logo\/image\/"},"sameAs":["https:\/\/www.facebook.com\/fermedechassagne\/?locale=fr_FR","https:\/\/www.instagram.com\/ferme_de_chassagne\/?ref=159","https:\/\/www.linkedin.com\/company\/les-fermes-de-chassagne\/?originalSubdomain=fr"]}]}},"_links":{"self":[{"href":"https:\/\/campingdechassagne.fr\/sv\/wp-json\/wp\/v2\/pages\/1178","targetHints":{"allow":["GET"]}}],"collection":[{"href":"https:\/\/campingdechassagne.fr\/sv\/wp-json\/wp\/v2\/pages"}],"about":[{"href":"https:\/\/campingdechassagne.fr\/sv\/wp-json\/wp\/v2\/types\/page"}],"author":[{"embeddable":true,"href":"https:\/\/campingdechassagne.fr\/sv\/wp-json\/wp\/v2\/users\/1"}],"replies":[{"embeddable":true,"href":"https:\/\/campingdechassagne.fr\/sv\/wp-json\/wp\/v2\/comments?post=1178"}],"version-history":[{"count":1,"href":"https:\/\/campingdechassagne.fr\/sv\/wp-json\/wp\/v2\/pages\/1178\/revisions"}],"predecessor-version":[{"id":1191,"href":"https:\/\/campingdechassagne.fr\/sv\/wp-json\/wp\/v2\/pages\/1178\/revisions\/1191"}],"wp:attachment":[{"href":"https:\/\/campingdechassagne.fr\/sv\/wp-json\/wp\/v2\/media?parent=1178"}],"curies":[{"name":"wp","href":"https:\/\/api.w.org\/{rel}","templated":true}]}}